{"id":566,"date":"2025-08-03T16:03:47","date_gmt":"2025-08-03T14:03:47","guid":{"rendered":"https:\/\/www.bromberger-packungen.de\/imprint\/"},"modified":"2025-12-08T09:02:23","modified_gmt":"2025-12-08T08:02:23","slug":"imprint","status":"publish","type":"page","link":"https:\/\/www.bromberger-packungen.de\/en\/imprint\/","title":{"rendered":"Imprint"},"content":{"rendered":"\t\t<div data-elementor-type=\"wp-page\" data-elementor-id=\"566\" class=\"elementor elementor-566 elementor-10\" data-elementor-post-type=\"page\">\n\t\t\t\t<div class=\"elementor-element elementor-element-e2ebebf e-flex e-con-boxed e-con e-parent\" data-id=\"e2ebebf\" data-element_type=\"container\">\n\t\t\t\t\t<div class=\"e-con-inner\">\n\t\t\t\t<div class=\"elementor-element elementor-element-5fef4d6 elementor-widget elementor-widget-heading\" data-id=\"5fef4d6\" data-element_type=\"widget\" data-widget_type=\"heading.default\">\n\t\t\t\t\t<h1 class=\"elementor-heading-title elementor-size-default\">Imprint<\/h1>\t\t\t\t<\/div>\n\t\t\t\t<div class=\"elementor-element elementor-element-0617a6a elementor-widget elementor-widget-text-editor\" data-id=\"0617a6a\" data-element_type=\"widget\" data-widget_type=\"text-editor.default\">\n\t\t\t\t\t\t\t\t\t<p>Publisher:<br>Bromberger Packungen GmbH<br>Friedrich-Ebert-Stra\u00dfe 54-58<br>D-78166 Donaueschingen<\/p><p><strong><a href=\"mailto:info@bromberger-packungen.de\">info@bromberger-packungen.de<\/a><\/strong><\/p><p>Sales tax ID: DE 811874808<br>Register court Freiburg HRB 611015<\/p><p>IHK VS Villingen<\/p><p>Managing Directors:<br>Christof Bromberger, Dipl.-Ing. (FH), MBA<br>Joachim Werner, Dipl.-Betriebswirt (BA)<\/p><p>Copyright:<br>Bromberger Packungen GmbH, 78166 Donaueschingen, <a href=\"https:\/\/bromberger-packungen.de\/\">www.bromberger-packungen.de<\/a><\/p><p>Responsible for content:<br>Bromberger Packungen GmbH, 78166 Donaueschingen, <a href=\"https:\/\/bromberger-packungen.de\/\">www.bromberger-packungen.de<\/a><\/p><p>Data protection officer:<br>Herr Dipl.-Inform. Olaf Tenti<br>GDI Gesellschaft f\u00fcr Datenschutz und Informationssicherheit mbH<br>K\u00f6rnerstra\u00dfe 45<br>58095 Hagen<br>Phone: <a href=\"tel:004923313568320\">02331-356832-0<\/a><br><a href=\"mailto:datenschutz@gdi-mbh.eu\">datenschutz@gdi-mbh.eu<\/a><br><a href=\"https:\/\/gdi-mbh.eu\/\">www.gdi-mbh.eu<\/a><\/p><p> <\/p><p>Hereinafter, the company &#8220;Bromberger Packungen GmbH&#8221; shall be referred to as the &#8220;Author.&#8221;<\/p>\t\t\t\t\t\t\t\t<\/div>\n\t\t\t\t<div class=\"elementor-element elementor-element-c905ad2 elementor-widget elementor-widget-text-editor\" data-id=\"c905ad2\" data-element_type=\"widget\" data-widget_type=\"text-editor.default\">\n\t\t\t\t\t\t\t\t\t<p><strong>1. Content of the website:<\/strong><br>The author accepts no responsibility for the topicality, correctness, completeness, or quality of the information provided. Liability claims against the author relating to material and\/or immaterial damage caused by the use or non-use of the information provided or by the use of incorrect and incomplete information are excluded. All offers are subject to change and non-binding. The author expressly reserves the right to change, supplement, or delete parts of the pages or the entire offer without prior notice, or to discontinue publication temporarily or permanently.<\/p>\t\t\t\t\t\t\t\t<\/div>\n\t\t\t\t<div class=\"elementor-element elementor-element-c845be0 elementor-widget elementor-widget-text-editor\" data-id=\"c845be0\" data-element_type=\"widget\" data-widget_type=\"text-editor.default\">\n\t\t\t\t\t\t\t\t\t<p><strong>2. References and links:<\/strong><br>The author has no influence on the design and content of external websites. The author therefore distances himself from all external content in the case of direct or indirect references to external websites (&#8220;hyperlinks&#8221;), even if reference is made to these external sites from the author&#8217;s pages. The author has no influence whatsoever on the current and future design, content, or authorship of the linked pages. He therefore hereby expressly distances himself from all content on all linked pages that has been changed since the link was created. This statement applies to all links and references within the author&#8217;s own website as well as to external entries in guest books, discussion forums, and mailing lists set up by the author. The provider of the page to which reference is made is solely liable for illegal, incorrect, or incomplete content and in particular for damage resulting from the use or non-use of such information, not the person who merely refers to the respective publication via links.<\/p>\t\t\t\t\t\t\t\t<\/div>\n\t\t\t\t<div class=\"elementor-element elementor-element-852bf30 elementor-widget elementor-widget-text-editor\" data-id=\"852bf30\" data-element_type=\"widget\" data-widget_type=\"text-editor.default\">\n\t\t\t\t\t\t\t\t\t<p><strong>3. Copyright and trademark law:<\/strong><br>The author endeavors to observe the copyrights of the graphics, sound documents, video sequences, and texts used in all publications, to use graphics, sound documents, video sequences, and texts created by himself, or to make use of license-free graphics, sound documents, video sequences, and texts. All brands and trademarks mentioned on this website and possibly protected by third parties are subject without restriction to the provisions of the applicable trademark law and the ownership rights of the respective registered owners. The mere mention of trademarks does not imply that they are not protected by third-party rights! The copyright for published objects created by the author himself remains solely with the author of the pages. Any reproduction or use of such graphics, audio files, video sequences, and texts in other electronic or printed publications is not permitted without the express consent of the author. Alle Rechte, auch die der fotomechanischen Wiedergabe, der Vervielf\u00e4ltigung und der Verbreitung mittels besonderer Verfahren (zum Beispiel Datenverarbeitung, Datentr\u00e4ger und Datennetze), auch teilweise, beh\u00e4lt sich der Autor vor.<\/p>\t\t\t\t\t\t\t\t<\/div>\n\t\t\t\t\t<\/div>\n\t\t\t\t<\/div>\n\t\t\t\t<\/div>\n\t\t","protected":false},"excerpt":{"rendered":"<p>Imprint Publisher:Bromberger Packungen GmbHFriedrich-Ebert-Stra\u00dfe 54-58D-78166 Donaueschingen info@bromberger-packungen.de Sales tax ID: DE 811874808Register court Freiburg HRB 611015 IHK VS Villingen Managing Directors:Christof Bromberger, Dipl.-Ing. (FH), MBAJoachim Werner, Dipl.-Betriebswirt (BA) Copyright:Bromberger Packungen GmbH, 78166 Donaueschingen, www.bromberger-packungen.de Responsible for content:Bromberger Packungen GmbH, 78166 Donaueschingen, www.bromberger-packungen.de Data protection officer:Herr Dipl.-Inform. Olaf TentiGDI Gesellschaft f\u00fcr Datenschutz und Informationssicherheit mbHK\u00f6rnerstra\u00dfe 4558095 [&hellip;]<\/p>\n","protected":false},"author":1,"featured_media":0,"parent":0,"menu_order":100,"comment_status":"closed","ping_status":"closed","template":"elementor_theme","meta":{"footnotes":""},"class_list":["post-566","page","type-page","status-publish","hentry"],"yoast_head":"<!-- This site is optimized with the Yoast SEO plugin v26.5 - https:\/\/yoast.com\/wordpress\/plugins\/seo\/ -->\n<title>Imprint - Bromberger Packungen<\/title>\n<meta name=\"robots\" content=\"index, follow, max-snippet:-1, max-image-preview:large, max-video-preview:-1\" \/>\n<link rel=\"canonical\" href=\"https:\/\/www.bromberger-packungen.de\/en\/imprint\/\" \/>\n<meta property=\"og:locale\" content=\"en_US\" \/>\n<meta property=\"og:type\" content=\"article\" \/>\n<meta property=\"og:title\" content=\"Imprint - Bromberger Packungen\" \/>\n<meta property=\"og:description\" content=\"Imprint Publisher:Bromberger Packungen GmbHFriedrich-Ebert-Stra\u00dfe 54-58D-78166 Donaueschingen info@bromberger-packungen.de Sales tax ID: DE 811874808Register court Freiburg HRB 611015 IHK VS Villingen Managing Directors:Christof Bromberger, Dipl.-Ing. (FH), MBAJoachim Werner, Dipl.-Betriebswirt (BA) Copyright:Bromberger Packungen GmbH, 78166 Donaueschingen, www.bromberger-packungen.de Responsible for content:Bromberger Packungen GmbH, 78166 Donaueschingen, www.bromberger-packungen.de Data protection officer:Herr Dipl.-Inform. Olaf TentiGDI Gesellschaft f\u00fcr Datenschutz und Informationssicherheit mbHK\u00f6rnerstra\u00dfe 4558095 [&hellip;]\" \/>\n<meta property=\"og:url\" content=\"https:\/\/www.bromberger-packungen.de\/en\/imprint\/\" \/>\n<meta property=\"og:site_name\" content=\"Bromberger Packungen\" \/>\n<meta property=\"article:modified_time\" content=\"2025-12-08T08:02:23+00:00\" \/>\n<meta name=\"twitter:card\" content=\"summary_large_image\" \/>\n<meta name=\"twitter:label1\" content=\"Est. reading time\" \/>\n\t<meta name=\"twitter:data1\" content=\"3 minutes\" \/>\n<script type=\"application\/ld+json\" class=\"yoast-schema-graph\">{\"@context\":\"https:\/\/schema.org\",\"@graph\":[{\"@type\":\"WebPage\",\"@id\":\"https:\/\/www.bromberger-packungen.de\/en\/imprint\/\",\"url\":\"https:\/\/www.bromberger-packungen.de\/en\/imprint\/\",\"name\":\"Imprint - Bromberger Packungen\",\"isPartOf\":{\"@id\":\"https:\/\/www.bromberger-packungen.de\/en\/#website\"},\"datePublished\":\"2025-08-03T14:03:47+00:00\",\"dateModified\":\"2025-12-08T08:02:23+00:00\",\"breadcrumb\":{\"@id\":\"https:\/\/www.bromberger-packungen.de\/en\/imprint\/#breadcrumb\"},\"inLanguage\":\"en-US\",\"potentialAction\":[{\"@type\":\"ReadAction\",\"target\":[\"https:\/\/www.bromberger-packungen.de\/en\/imprint\/\"]}]},{\"@type\":\"BreadcrumbList\",\"@id\":\"https:\/\/www.bromberger-packungen.de\/en\/imprint\/#breadcrumb\",\"itemListElement\":[{\"@type\":\"ListItem\",\"position\":1,\"name\":\"Startseite\",\"item\":\"https:\/\/www.bromberger-packungen.de\/en\/\"},{\"@type\":\"ListItem\",\"position\":2,\"name\":\"Imprint\"}]},{\"@type\":\"WebSite\",\"@id\":\"https:\/\/www.bromberger-packungen.de\/en\/#website\",\"url\":\"https:\/\/www.bromberger-packungen.de\/en\/\",\"name\":\"Bromberger Packungen\",\"description\":\"Drucke | Displays | Werbemedien\",\"publisher\":{\"@id\":\"https:\/\/www.bromberger-packungen.de\/en\/#organization\"},\"potentialAction\":[{\"@type\":\"SearchAction\",\"target\":{\"@type\":\"EntryPoint\",\"urlTemplate\":\"https:\/\/www.bromberger-packungen.de\/en\/?s={search_term_string}\"},\"query-input\":{\"@type\":\"PropertyValueSpecification\",\"valueRequired\":true,\"valueName\":\"search_term_string\"}}],\"inLanguage\":\"en-US\"},{\"@type\":\"Organization\",\"@id\":\"https:\/\/www.bromberger-packungen.de\/en\/#organization\",\"name\":\"Bromberger Packungen\",\"url\":\"https:\/\/www.bromberger-packungen.de\/en\/\",\"logo\":{\"@type\":\"ImageObject\",\"inLanguage\":\"en-US\",\"@id\":\"https:\/\/www.bromberger-packungen.de\/en\/#\/schema\/logo\/image\/\",\"url\":\"https:\/\/www.bromberger-packungen.de\/wp-content\/uploads\/2023\/10\/logo.svg\",\"contentUrl\":\"https:\/\/www.bromberger-packungen.de\/wp-content\/uploads\/2023\/10\/logo.svg\",\"width\":610,\"height\":238,\"caption\":\"Bromberger Packungen\"},\"image\":{\"@id\":\"https:\/\/www.bromberger-packungen.de\/en\/#\/schema\/logo\/image\/\"}}]}<\/script>\n<!-- \/ Yoast SEO plugin. -->","yoast_head_json":{"title":"Imprint - Bromberger Packungen","robots":{"index":"index","follow":"follow","max-snippet":"max-snippet:-1","max-image-preview":"max-image-preview:large","max-video-preview":"max-video-preview:-1"},"canonical":"https:\/\/www.bromberger-packungen.de\/en\/imprint\/","og_locale":"en_US","og_type":"article","og_title":"Imprint - Bromberger Packungen","og_description":"Imprint Publisher:Bromberger Packungen GmbHFriedrich-Ebert-Stra\u00dfe 54-58D-78166 Donaueschingen info@bromberger-packungen.de Sales tax ID: DE 811874808Register court Freiburg HRB 611015 IHK VS Villingen Managing Directors:Christof Bromberger, Dipl.-Ing. (FH), MBAJoachim Werner, Dipl.-Betriebswirt (BA) Copyright:Bromberger Packungen GmbH, 78166 Donaueschingen, www.bromberger-packungen.de Responsible for content:Bromberger Packungen GmbH, 78166 Donaueschingen, www.bromberger-packungen.de Data protection officer:Herr Dipl.-Inform. Olaf TentiGDI Gesellschaft f\u00fcr Datenschutz und Informationssicherheit mbHK\u00f6rnerstra\u00dfe 4558095 [&hellip;]","og_url":"https:\/\/www.bromberger-packungen.de\/en\/imprint\/","og_site_name":"Bromberger Packungen","article_modified_time":"2025-12-08T08:02:23+00:00","twitter_card":"summary_large_image","twitter_misc":{"Est. reading time":"3 minutes"},"schema":{"@context":"https:\/\/schema.org","@graph":[{"@type":"WebPage","@id":"https:\/\/www.bromberger-packungen.de\/en\/imprint\/","url":"https:\/\/www.bromberger-packungen.de\/en\/imprint\/","name":"Imprint - Bromberger Packungen","isPartOf":{"@id":"https:\/\/www.bromberger-packungen.de\/en\/#website"},"datePublished":"2025-08-03T14:03:47+00:00","dateModified":"2025-12-08T08:02:23+00:00","breadcrumb":{"@id":"https:\/\/www.bromberger-packungen.de\/en\/imprint\/#breadcrumb"},"inLanguage":"en-US","potentialAction":[{"@type":"ReadAction","target":["https:\/\/www.bromberger-packungen.de\/en\/imprint\/"]}]},{"@type":"BreadcrumbList","@id":"https:\/\/www.bromberger-packungen.de\/en\/imprint\/#breadcrumb","itemListElement":[{"@type":"ListItem","position":1,"name":"Startseite","item":"https:\/\/www.bromberger-packungen.de\/en\/"},{"@type":"ListItem","position":2,"name":"Imprint"}]},{"@type":"WebSite","@id":"https:\/\/www.bromberger-packungen.de\/en\/#website","url":"https:\/\/www.bromberger-packungen.de\/en\/","name":"Bromberger Packungen","description":"Drucke | Displays | Werbemedien","publisher":{"@id":"https:\/\/www.bromberger-packungen.de\/en\/#organization"},"potentialAction":[{"@type":"SearchAction","target":{"@type":"EntryPoint","urlTemplate":"https:\/\/www.bromberger-packungen.de\/en\/?s={search_term_string}"},"query-input":{"@type":"PropertyValueSpecification","valueRequired":true,"valueName":"search_term_string"}}],"inLanguage":"en-US"},{"@type":"Organization","@id":"https:\/\/www.bromberger-packungen.de\/en\/#organization","name":"Bromberger Packungen","url":"https:\/\/www.bromberger-packungen.de\/en\/","logo":{"@type":"ImageObject","inLanguage":"en-US","@id":"https:\/\/www.bromberger-packungen.de\/en\/#\/schema\/logo\/image\/","url":"https:\/\/www.bromberger-packungen.de\/wp-content\/uploads\/2023\/10\/logo.svg","contentUrl":"https:\/\/www.bromberger-packungen.de\/wp-content\/uploads\/2023\/10\/logo.svg","width":610,"height":238,"caption":"Bromberger Packungen"},"image":{"@id":"https:\/\/www.bromberger-packungen.de\/en\/#\/schema\/logo\/image\/"}}]}},"_links":{"self":[{"href":"https:\/\/www.bromberger-packungen.de\/en\/wp-json\/wp\/v2\/pages\/566","targetHints":{"allow":["GET"]}}],"collection":[{"href":"https:\/\/www.bromberger-packungen.de\/en\/wp-json\/wp\/v2\/pages"}],"about":[{"href":"https:\/\/www.bromberger-packungen.de\/en\/wp-json\/wp\/v2\/types\/page"}],"author":[{"embeddable":true,"href":"https:\/\/www.bromberger-packungen.de\/en\/wp-json\/wp\/v2\/users\/1"}],"replies":[{"embeddable":true,"href":"https:\/\/www.bromberger-packungen.de\/en\/wp-json\/wp\/v2\/comments?post=566"}],"version-history":[{"count":1,"href":"https:\/\/www.bromberger-packungen.de\/en\/wp-json\/wp\/v2\/pages\/566\/revisions"}],"predecessor-version":[{"id":567,"href":"https:\/\/www.bromberger-packungen.de\/en\/wp-json\/wp\/v2\/pages\/566\/revisions\/567"}],"wp:attachment":[{"href":"https:\/\/www.bromberger-packungen.de\/en\/wp-json\/wp\/v2\/media?parent=566"}],"curies":[{"name":"wp","href":"https:\/\/api.w.org\/{rel}","templated":true}]}}